{"id":1715,"date":"2022-01-26T07:06:35","date_gmt":"2022-01-26T06:06:35","guid":{"rendered":"https:\/\/www.poupetteinantwerp.com\/faq\/"},"modified":"2022-01-26T07:06:38","modified_gmt":"2022-01-26T06:06:38","slug":"faq","status":"publish","type":"page","link":"https:\/\/www.poupetteinantwerp.com\/en\/faq\/","title":{"rendered":"FAQ"},"content":{"rendered":"<div class=\"wpb-content-wrapper\"><p>[vc_row type=&#8221;boxed&#8221; css=&#8221;.vc_custom_1432752631369{padding-top: 68px !important;}&#8221;][vc_column width=&#8221;1\/4&#8243;][vc_column_text el_class=&#8221;nm-highlight-text&#8221;]<\/p>\n<h4>Questions fr\u00e9quentes<\/h4>\n<p>[\/vc_column_text][vc_empty_space height=&#8221;30px&#8221;][\/vc_column][vc_column width=&#8221;3\/4&#8243; offset=&#8221;vc_col-lg-4&#8243;][vc_column_text css_animation=&#8221;&#8221;]<strong>Peut-on \u00e9crire un mot \u00e0 l&#8217;int\u00e9rieur d&#8217;une bague ?<\/strong><\/p>\n<p>[\/vc_column_text][vc_empty_space height=&#8221;14px&#8221;][\/vc_column][vc_column width=&#8221;3\/4&#8243; offset=&#8221;vc_col-lg-5&#8243;][vc_column_text css_animation=&#8221;&#8221;]Il est tout \u00e0 fait possible de graver un message \u00e0 l&#8217;int\u00e9rieur d&#8217;une bague.\u00a0En g\u00e9n\u00e9ral, nous gravons dans les alliances les inscriptions suivantes\u00a0: dans l\u2019alliance de la femme\u00a0:\u00a0le pr\u00e9nom du futur mari suivi du \u00ab\u00a0&amp;\u00a0\u00bb suivi du pr\u00e9nom de la future \u00e9pouse suivi de la date de mariage et vice versa dans l\u2019alliance de l\u2019homme.<\/p>\n<p>&nbsp;<\/p>\n<p>[\/vc_column_text][\/vc_column][\/vc_row][vc_row type=&#8221;boxed&#8221; css=&#8221;.vc_custom_1432727850842{padding-top: 40px !important;}&#8221;][vc_column width=&#8221;3\/4&#8243; offset=&#8221;vc_col-lg-4 vc_col-sm-offset-3&#8243;][vc_column_text]<strong>Quel or utilisez-vous ? <\/strong><\/p>\n<p><strong>\u00a0<\/strong><\/p>\n<p>[\/vc_column_text][vc_empty_space height=&#8221;14px&#8221;][\/vc_column][vc_column width=&#8221;3\/4&#8243; offset=&#8221;vc_col-lg-offset-0 vc_col-lg-5 vc_col-sm-offset-3&#8243;][vc_column_text]On utilise de l&#8217;or 18 ct.<\/p>\n<p>Pour l&#8217;or blanc, on utilise de l&#8217;or 18 ct avec comme alliage du palladium. Sur demande, il est \u00e9galement possible de r\u00e9aliser vos bijoux en platine. Tous nos bijoux sont disponibles en or blanc, rose ou\u00a0jaune 18ct.<\/p>\n<p>&nbsp;<\/p>\n<p>[\/vc_column_text][\/vc_column][\/vc_row][vc_row type=&#8221;boxed&#8221; css=&#8221;.vc_custom_1432727859836{padding-top: 40px !important;}&#8221;][vc_column width=&#8221;3\/4&#8243; offset=&#8221;vc_col-lg-4 vc_col-sm-offset-3&#8243;][vc_column_text]<strong>Est-ce que vous faites aussi des bijoux en or noir ? <\/strong><\/p>\n<p>&nbsp;<\/p>\n<p>[\/vc_column_text][vc_empty_space height=&#8221;14px&#8221;][\/vc_column][vc_column width=&#8221;3\/4&#8243; offset=&#8221;vc_col-lg-offset-0 vc_col-lg-5 vc_col-sm-offset-3&#8243;][vc_column_text]Nous pouvons le faire mais nous vous le d\u00e9conseillons car l&#8217;or noir demande un entretien consid\u00e9rable. En effet, l&#8217;or noir est en fait de l&#8217;or blanc qui re\u00e7oit une couche de rhodium noir et qui va rapidement s&#8217;estomper. Il faut donc tr\u00e8s r\u00e9guli\u00e8rement le rerhodier et repolir.<\/p>\n<p>&nbsp;<\/p>\n<p>[\/vc_column_text][\/vc_column][\/vc_row][vc_row type=&#8221;boxed&#8221; css=&#8221;.vc_custom_1432728051583{padding-top: 49px !important;}&#8221;][vc_column width=&#8221;1\/4&#8243;][\/vc_column][vc_column width=&#8221;3\/4&#8243; offset=&#8221;vc_col-lg-4&#8243;][vc_column_text]<strong>Comment nettoyer mes bijoux ?<\/strong><\/p>\n<p>&nbsp;<\/p>\n<p>[\/vc_column_text][vc_empty_space height=&#8221;14px&#8221;][\/vc_column][vc_column width=&#8221;3\/4&#8243; offset=&#8221;vc_col-lg-5&#8243;][vc_column_text]Il existe dans le commerce des produits d\u00e9di\u00e9s au nettoyage des bijoux en or et diamants. Vous pouvez \u00e9galement nettoyer votre bijou avec une vieille brosse \u00e0 dents \u00e0 poils doux et un peu de produit de vaisselle.<\/p>\n<p>&nbsp;<\/p>\n<p>[\/vc_column_text][\/vc_column][\/vc_row][vc_row type=&#8221;boxed&#8221; css=&#8221;.vc_custom_1432727850842{padding-top: 40px !important;}&#8221;][vc_column width=&#8221;3\/4&#8243; offset=&#8221;vc_col-lg-4 vc_col-sm-offset-3&#8243;][vc_column_text]<strong>Est-ce vrai que l&#8217;or blanc jaunit avec le temps ? <\/strong>[\/vc_column_text][vc_empty_space height=&#8221;14px&#8221;][\/vc_column][vc_column width=&#8221;3\/4&#8243; offset=&#8221;vc_col-lg-offset-0 vc_col-lg-5 vc_col-sm-offset-3&#8243;][vc_column_text]Il est normal que l\u2019or blanc jaunisse avec le temps. L&#8217;or blanc est en fait de l\u2019or jaune avec comme alliage de l&#8217;argent. Nous utilisons comme alliage du palladium qui \u00e9vite que l&#8217;or blanc ne jaunisse trop rapidement. Avec le temps, il est malgr\u00e9 tout conseiller de rerhodier votre bijou et le repolir si vous constater que l&#8217;or s&#8217;alt\u00e8re un peu.[\/vc_column_text][\/vc_column][\/vc_row][vc_row type=&#8221;boxed&#8221; css=&#8221;.vc_custom_1432728051583{padding-top: 49px !important;}&#8221;][vc_column width=&#8221;1\/4&#8243;][\/vc_column][vc_column width=&#8221;3\/4&#8243; offset=&#8221;vc_col-lg-4&#8243;][vc_column_text]<strong>O\u00f9 faites-vous r\u00e9aliser vos bijoux ? <\/strong>[\/vc_column_text][vc_empty_space height=&#8221;14px&#8221;][\/vc_column][vc_column width=&#8221;3\/4&#8243; offset=&#8221;vc_col-lg-5&#8243;][vc_column_text]Tous les bijoux sont r\u00e9alis\u00e9s \u00e0 Anvers, dans nos ateliers.<\/p>\n<p>[\/vc_column_text][\/vc_column][\/vc_row][vc_row type=&#8221;boxed&#8221; css=&#8221;.vc_custom_1432727850842{padding-top: 40px !important;}&#8221;][vc_column width=&#8221;3\/4&#8243; offset=&#8221;vc_col-lg-4 vc_col-sm-offset-3&#8243;][vc_column_text]<strong>Combien de temps cela met pour cr\u00e9er un bijou ?<\/strong><\/p>\n<p>&nbsp;<\/p>\n<p>[\/vc_column_text][vc_empty_space height=&#8221;14px&#8221;][\/vc_column][vc_column width=&#8221;3\/4&#8243; offset=&#8221;vc_col-lg-offset-0 vc_col-lg-5 vc_col-sm-offset-3&#8243;][vc_column_text]Il faut compter environ entre 3 et 5 semaines.\u00a0Attention, il se peut que \u00e7a aille plus vite ou que \u00e7a prenne un peu plus de temps.<\/p>\n<p>[\/vc_column_text][\/vc_column][\/vc_row][vc_row type=&#8221;boxed&#8221; css=&#8221;.vc_custom_1432727850842{padding-top: 40px !important;}&#8221;][vc_column width=&#8221;3\/4&#8243; offset=&#8221;vc_col-lg-4 vc_col-sm-offset-3&#8243;][vc_column_text]<strong>Est-ce possible de vous donner un bijou pour le polir et le rhodier ? <\/strong><\/p>\n<p>&nbsp;<\/p>\n<p>[\/vc_column_text][vc_empty_space height=&#8221;14px&#8221;][\/vc_column][vc_column width=&#8221;3\/4&#8243; offset=&#8221;vc_col-lg-offset-0 vc_col-lg-5 vc_col-sm-offset-3&#8243;][vc_column_text]Oui nous pouvons polir votre bijou ainsi que le rhodier.<\/p>\n<p>&nbsp;<\/p>\n<p>[\/vc_column_text][\/vc_column][\/vc_row][vc_row type=&#8221;boxed&#8221; css=&#8221;.vc_custom_1432727850842{padding-top: 40px !important;}&#8221;][vc_column width=&#8221;3\/4&#8243; offset=&#8221;vc_col-lg-4 vc_col-sm-offset-3&#8243;][vc_column_text]<strong>Est-ce que vous livrez les bijoux en Belgique et \u00e0 l\u2019\u00e9tranger ?<\/strong><\/p>\n<p><strong>\u00a0<\/strong><\/p>\n<p>[\/vc_column_text][vc_empty_space height=&#8221;14px&#8221;][\/vc_column][vc_column width=&#8221;3\/4&#8243; offset=&#8221;vc_col-lg-offset-0 vc_col-lg-5 vc_col-sm-offset-3&#8243;][vc_column_text]Oui nous travaillons avec un organisme sp\u00e9cialis\u00e9 dans la livraison de bijoux et de diamants et qui assure le transport du bijou jusque chez vous.<\/p>\n<p>&nbsp;<\/p>\n<p>[\/vc_column_text][\/vc_column][\/vc_row][vc_row type=&#8221;boxed&#8221; css=&#8221;.vc_custom_1432729671370{padding-top: 40px !important;padding-bottom: 74px !important;}&#8221;][vc_column width=&#8221;3\/4&#8243; offset=&#8221;vc_col-lg-4 vc_col-sm-offset-3&#8243;][vc_column_text]<strong>Pouvez-vous assurez les bijoux ? <\/strong><\/p>\n<p>&nbsp;<\/p>\n<p>[\/vc_column_text][vc_empty_space height=&#8221;14px&#8221;][\/vc_column][vc_column width=&#8221;3\/4&#8243; offset=&#8221;vc_col-lg-offset-0 vc_col-lg-5 vc_col-sm-offset-3&#8243;][vc_column_text]Nous n\u2019assurons pas les bijoux mais nous pouvons vous diriger vers des compagnies d\u2019assurances avec lesquelles nous travaillons.<\/p>\n<p>&nbsp;<\/p>\n<p>[\/vc_column_text][\/vc_column][\/vc_row][vc_row type=&#8221;boxed&#8221; css=&#8221;.vc_custom_1432729671370{padding-top: 40px !important;padding-bottom: 74px !important;}&#8221;][vc_column width=&#8221;3\/4&#8243; offset=&#8221;vc_col-lg-4 vc_col-sm-offset-3&#8243;][vc_column_text]<strong>Que puis-je faire si je me suis tromp\u00e9e de taille de doigt ?<\/strong><\/p>\n<p>&nbsp;<\/p>\n<p>[\/vc_column_text][vc_empty_space height=&#8221;14px&#8221;][\/vc_column][vc_column width=&#8221;3\/4&#8243; offset=&#8221;vc_col-lg-offset-0 vc_col-lg-5 vc_col-sm-offset-3&#8243;][vc_column_text]Nous pouvons agrandir ou r\u00e9tr\u00e9cir votre bague de quelques tailles maximum \u00e0 vos frais. Attention, il est pr\u00e9f\u00e9rable de donner directement la bonne taille car l\u2019agrandir ou la r\u00e9tr\u00e9cir peut entra\u00eener une fragilisation de la monture.<\/p>\n<p>&nbsp;<\/p>\n<p>[\/vc_column_text][\/vc_column][\/vc_row][vc_row type=&#8221;boxed&#8221; css=&#8221;.vc_custom_1432729671370{padding-top: 40px !important;padding-bottom: 74px !important;}&#8221;][vc_column width=&#8221;3\/4&#8243; offset=&#8221;vc_col-lg-4 vc_col-sm-offset-3&#8243;][vc_column_text]<strong>Que faire si mon bijou est ab\u00eem\u00e9 ? <\/strong><\/p>\n<p><strong>\u00a0<\/strong><\/p>\n<p>[\/vc_column_text][vc_empty_space height=&#8221;14px&#8221;][\/vc_column][vc_column width=&#8221;3\/4&#8243; offset=&#8221;vc_col-lg-offset-0 vc_col-lg-5 vc_col-sm-offset-3&#8243;][vc_column_text]D\u00e9s que vous voyez que les griffes qui soutiennent le(s) diamant(s) sont us\u00e9es ou que le diamant bouge, retournez-le nous directement pour qu\u2019on puisse les r\u00e9parer \u00e0 vos frais.<\/p>\n<p>&nbsp;<\/p>\n<p>[\/vc_column_text][\/vc_column][\/vc_row][vc_row type=&#8221;boxed&#8221; css=&#8221;.vc_custom_1432729671370{padding-top: 40px !important;padding-bottom: 74px !important;}&#8221;][vc_column width=&#8221;3\/4&#8243; offset=&#8221;vc_col-lg-4 vc_col-sm-offset-3&#8243;][vc_column_text]<strong>C&#8217;est quoi les 4 C ?<\/strong><\/p>\n<p><strong>\u00a0<\/strong><\/p>\n<p>[\/vc_column_text][vc_empty_space height=&#8221;14px&#8221;][\/vc_column][vc_column width=&#8221;3\/4&#8243; offset=&#8221;vc_col-lg-offset-0 vc_col-lg-5 vc_col-sm-offset-3&#8243;][vc_column_text]<strong>CARAT :\u00a0<\/strong>C&#8217;est le poids du diamant qui est exprim\u00e9 en gramme.<\/p>\n<p>Un carat \u00e9quivaut \u00e0 0.2 gramme et se\u00a0divise en 100 points.<\/p>\n<p>&nbsp;<\/p>\n<p><strong>COLOR :\u00a0<\/strong>C&#8217;est la couleur du diamant qui va de D \u00e0 Z.<\/p>\n<p>D est consid\u00e9r\u00e9 comme un blanc exceptionnellement blanc, H comme blanc et Z comme jaune.<\/p>\n<p>&nbsp;<\/p>\n<p><strong>CLARITY :\u00a0<\/strong>C&#8217;est la puret\u00e9 du diamant qui va de LC (loupe clean) \u00e0 SI2.\u00a0Entre les 2, on trouve VVS1, VVS2, VS1, VS2, SI1.<\/p>\n<p>Ce qui signifie que lorsque l&#8217;on prend une loupe qui agrandit 10 fois, on voit tr\u00e8s difficilement l&#8217;inclusion \u00e0 l&#8217;int\u00e9rieur du diamant pour VVS1 et VVS2, un peu moins difficilement pour le VS1 et VS2 et plus facilement pour SI1 et SI2.<\/p>\n<p>&nbsp;<\/p>\n<p><strong>CUT :\u00a0<\/strong>C&#8217;est la mani\u00e8re dont le diamant est taill\u00e9. La graduation est \u00e9tablie pour les proportions, le polissage et la sym\u00e9trie du diamant et elle va de Excellent, Very Good, Good \u00e0 Fair.<\/p>\n<p>&nbsp;<\/p>\n<p>[\/vc_column_text][\/vc_column][\/vc_row][vc_row type=&#8221;boxed&#8221; css=&#8221;.vc_custom_1432729671370{padding-top: 40px !important;padding-bottom: 74px !important;}&#8221;][vc_column width=&#8221;3\/4&#8243; offset=&#8221;vc_col-lg-4 vc_col-sm-offset-3&#8243;][vc_column_text]<strong>D&#8217;o\u00f9 proviennent les diamants ? <\/strong><\/p>\n<p><strong>\u00a0<\/strong><\/p>\n<p>[\/vc_column_text][vc_empty_space height=&#8221;14px&#8221;][\/vc_column][vc_column width=&#8221;3\/4&#8243; offset=&#8221;vc_col-lg-offset-0 vc_col-lg-5 vc_col-sm-offset-3&#8243;][vc_column_text]Les diamants viennent de beaucoup de mines dans le monde. Il y a des mines au Canada, en Inde, en Australie, en Afrique et en Russie.<\/p>\n<p>&nbsp;<\/p>\n<p>[\/vc_column_text][\/vc_column][\/vc_row][vc_row type=&#8221;boxed&#8221; css=&#8221;.vc_custom_1432729671370{padding-top: 40px !important;padding-bottom: 74px !important;}&#8221;][vc_column width=&#8221;3\/4&#8243; offset=&#8221;vc_col-lg-4 vc_col-sm-offset-3&#8243;][vc_column_text]<strong>Que signifie &#8220;blood diamond&#8221; ?<\/strong><\/p>\n<p>&nbsp;<\/p>\n<p>[\/vc_column_text][vc_empty_space height=&#8221;14px&#8221;][\/vc_column][vc_column width=&#8221;3\/4&#8243; offset=&#8221;vc_col-lg-offset-0 vc_col-lg-5 vc_col-sm-offset-3&#8243;][vc_column_text]Ce sont des diamants qui sont issus de pays qui utilisent la vente de diamants pour financer les conflits arm\u00e9s (en Afrique). Nous n\u2019utilisons pas de \u00ab\u00a0blood diamond\u00a0\u00bb.<\/p>\n<p>&nbsp;<\/p>\n<p>[\/vc_column_text][\/vc_column][vc_column][\/vc_column][\/vc_row][vc_row type=&#8221;boxed&#8221; css=&#8221;.vc_custom_1432729671370{padding-top: 40px !important;padding-bottom: 74px !important;}&#8221;][vc_column width=&#8221;3\/4&#8243; offset=&#8221;vc_col-lg-4 vc_col-sm-offset-3&#8243;][vc_column_text]<strong>Est-ce que les diamants sont livr\u00e9s avec un certificat ?<\/strong><\/p>\n<p>&nbsp;<\/p>\n<p>[\/vc_column_text][vc_empty_space height=&#8221;14px&#8221;][\/vc_column][vc_column width=&#8221;3\/4&#8243; offset=&#8221;vc_col-lg-offset-0 vc_col-lg-5 vc_col-sm-offset-3&#8243;][vc_column_text]Les diamants \u00e0 partir de 0.30 ct sont livr\u00e9s avec un certificat soit du HRD soit du GIA soit du IGI. En effet, les diamants en dessous de 0.30 ct ne sont pas certifi\u00e9s pour des raisons de co\u00fbt. Mais on peut les certifier sur demande moyennant un suppl\u00e9ment.<\/p>\n<p>&nbsp;<\/p>\n<p>[\/vc_column_text][\/vc_column][\/vc_row][vc_row type=&#8221;boxed&#8221; css=&#8221;.vc_custom_1432729671370{padding-top: 40px !important;padding-bottom: 74px !important;}&#8221;][vc_column width=&#8221;3\/4&#8243; offset=&#8221;vc_col-lg-4 vc_col-sm-offset-3&#8243;][vc_column_text]<strong>C&#8217;est quoi la diff\u00e9rence entre un certificat HRD, GIA et IGI ?<\/strong><\/p>\n<p>&nbsp;<\/p>\n<p>[\/vc_column_text][vc_empty_space height=&#8221;14px&#8221;][\/vc_column][vc_column width=&#8221;3\/4&#8243; offset=&#8221;vc_col-lg-offset-0 vc_col-lg-5 vc_col-sm-offset-3&#8243;][vc_column_text]Le HRD, le GIA et le IGI sont tous les trois des organismes qui certifient les diamants et qui sont reconnus internationalement. Le HRD est bas\u00e9 \u00e0 Anvers en Belgique. Le IGI aussi. Et le Gia est bas\u00e9 aux Etats-Unis.<\/p>\n<p>[\/vc_column_text][\/vc_column][\/vc_row][vc_row type=&#8221;boxed&#8221; css=&#8221;.vc_custom_1432729671370{padding-top: 40px !important;padding-bottom: 74px !important;}&#8221;][vc_column width=&#8221;3\/4&#8243; offset=&#8221;vc_col-lg-4 vc_col-sm-offset-3&#8243;][vc_column_text]<strong>C&#8217;est quoi la fluorescence dans un diamant ?<\/strong>[\/vc_column_text][vc_empty_space height=&#8221;14px&#8221;][\/vc_column][vc_column width=&#8221;3\/4&#8243; offset=&#8221;vc_col-lg-offset-0 vc_col-lg-5 vc_col-sm-offset-3&#8243;][vc_column_text]Lorsque vous mettez votre diamant sous une lampe fluorescente et qu\u2019il devient bleu, c\u2019est qu\u2019il a de la fluorescence. On consid\u00e8re un diamant &#8220;nil&#8221; ou &#8220;none&#8221; qui n\u2019a pas de fluorescence, &#8220;slight&#8221; ou &#8220;faint&#8221; qui a tr\u00e8s l\u00e9g\u00e8rement de la fluorescence, &#8220;medium&#8221; qui a un peu plus de fluorescence, &#8220;strong&#8221; ou &#8220;very strong&#8221; qui a\u00a0beaucoup de fluorescence. Un diamant qui a de la fluorescence aura moins de valeur qu\u2019un diamant qui n\u2019en a pas.<\/p>\n<p>[\/vc_column_text][\/vc_column][\/vc_row][vc_row type=&#8221;boxed&#8221; css=&#8221;.vc_custom_1432729671370{padding-top: 40px !important;padding-bottom: 74px !important;}&#8221;][vc_column width=&#8221;3\/4&#8243; offset=&#8221;vc_col-lg-4 vc_col-sm-offset-3&#8243;][vc_column_text]<strong>C&#8217;est quoi la Bourse ? <\/strong><\/p>\n<p>&nbsp;<\/p>\n<p>&nbsp;<\/p>\n<p>&nbsp;<\/p>\n<p>&nbsp;<\/p>\n<p>&nbsp;<\/p>\n<p>&nbsp;<\/p>\n<p>&nbsp;<\/p>\n<p>&nbsp;<\/p>\n<p>[\/vc_column_text][vc_empty_space height=&#8221;14px&#8221;][\/vc_column][vc_column width=&#8221;3\/4&#8243; offset=&#8221;vc_col-lg-offset-0 vc_col-lg-5 vc_col-sm-offset-3&#8243;][vc_column_text]C\u2019est un endroit de n\u00e9goce destin\u00e9 uniquement aux professionnels. On y retrouve des courtiers, des fabricants, des diamantaires. Il y a plusieurs bourses dans le monde entier\u00a0: Anvers, Tel Aviv, New York, Bombay, Londres mais Anvers reste la plus importante.<\/p>\n<p>&nbsp;<\/p>\n<p>&nbsp;<\/p>\n<p>[\/vc_column_text][\/vc_column][\/vc_row][vc_row type=&#8221;boxed&#8221; css=&#8221;.vc_custom_1432729671370{padding-top: 40px !important;padding-bottom: 74px !important;}&#8221;][vc_column width=&#8221;3\/4&#8243; offset=&#8221;vc_col-lg-4 vc_col-sm-offset-3&#8243;][vc_column_text]<strong>Comment puis-je savoir que vous \u00eates une personne de confiance ?<\/strong><\/p>\n<p>[\/vc_column_text][vc_empty_space height=&#8221;14px&#8221;][\/vc_column][vc_column width=&#8221;3\/4&#8243; offset=&#8221;vc_col-lg-offset-0 vc_col-lg-5 vc_col-sm-offset-3&#8243;][vc_column_text]Nous sommes membre de la Bourse d\u2019Anvers, mon nom \u00ab\u00a0Tcherkezian\u00a0\u00bb est connu sur le march\u00e9 diamantaire anversois puisque nous travaillons depuis 3 g\u00e9n\u00e9rations notamment en tant que courtiers.<\/p>\n<p>&nbsp;<\/p>\n<p><strong>\u00a0<\/strong><\/p>\n<p>[\/vc_column_text][\/vc_column][\/vc_row]<\/p>\n<\/div>","protected":false},"excerpt":{"rendered":"<p>[vc_row type=&#8221;boxed&#8221; css=&#8221;.vc_custom_1432752631369{padding-top: 68px !important;}&#8221;][vc_column width=&#8221;1\/4&#8243;][vc_column_text el_class=&#8221;nm-highlight-text&#8221;] Questions fr\u00e9quentes [\/vc_column_text][vc_empty_space height=&#8221;30px&#8221;][\/vc_column][vc_column width=&#8221;3\/4&#8243; offset=&#8221;vc_col-lg-4&#8243;][vc_column_text css_animation=&#8221;&#8221;]Peut-on \u00e9crire un mot \u00e0 l&#8217;int\u00e9rieur d&#8217;une bague ? [\/vc_column_text][vc_empty_space height=&#8221;14px&#8221;][\/vc_column][vc_column width=&#8221;3\/4&#8243; offset=&#8221;vc_col-lg-5&#8243;][vc_column_text css_animation=&#8221;&#8221;]Il est tout \u00e0 fait possible de graver un message \u00e0 l&#8217;int\u00e9rieur d&#8217;une bague.\u00a0En g\u00e9n\u00e9ral, nous gravons dans les alliances les inscriptions suivantes\u00a0: dans l\u2019alliance de la femme\u00a0:\u00a0le pr\u00e9nom &hellip;<\/p>\n","protected":false},"author":2,"featured_media":0,"parent":0,"menu_order":0,"comment_status":"closed","ping_status":"closed","template":"","meta":{"footnotes":""},"class_list":["post-1715","page","type-page","status-publish","hentry"],"yoast_head":"<!-- This site is optimized with the Yoast SEO plugin v26.8 - https:\/\/yoast.com\/product\/yoast-seo-wordpress\/ -->\n<title>FAQ - Poupette in Antwerp<\/title>\n<meta name=\"robots\" content=\"index, follow, max-snippet:-1, max-image-preview:large, max-video-preview:-1\" \/>\n<link rel=\"canonical\" href=\"https:\/\/www.poupetteinantwerp.com\/en\/faq\/\" \/>\n<meta property=\"og:locale\" content=\"en_US\" \/>\n<meta property=\"og:type\" content=\"article\" \/>\n<meta property=\"og:title\" content=\"FAQ - Poupette in Antwerp\" \/>\n<meta property=\"og:description\" content=\"[vc_row type=&#8221;boxed&#8221; css=&#8221;.vc_custom_1432752631369{padding-top: 68px !important;}&#8221;][vc_column width=&#8221;1\/4&#8243;][vc_column_text el_class=&#8221;nm-highlight-text&#8221;] Questions fr\u00e9quentes [\/vc_column_text][vc_empty_space height=&#8221;30px&#8221;][\/vc_column][vc_column width=&#8221;3\/4&#8243; offset=&#8221;vc_col-lg-4&#8243;][vc_column_text css_animation=&#8221;&#8221;]Peut-on \u00e9crire un mot \u00e0 l&#8217;int\u00e9rieur d&#8217;une bague ? [\/vc_column_text][vc_empty_space height=&#8221;14px&#8221;][\/vc_column][vc_column width=&#8221;3\/4&#8243; offset=&#8221;vc_col-lg-5&#8243;][vc_column_text css_animation=&#8221;&#8221;]Il est tout \u00e0 fait possible de graver un message \u00e0 l&#8217;int\u00e9rieur d&#8217;une bague.\u00a0En g\u00e9n\u00e9ral, nous gravons dans les alliances les inscriptions suivantes\u00a0: dans l\u2019alliance de la femme\u00a0:\u00a0le pr\u00e9nom &hellip;\" \/>\n<meta property=\"og:url\" content=\"https:\/\/www.poupetteinantwerp.com\/en\/faq\/\" \/>\n<meta property=\"og:site_name\" content=\"Poupette in Antwerp\" \/>\n<meta property=\"article:modified_time\" content=\"2022-01-26T06:06:38+00:00\" \/>\n<meta name=\"twitter:card\" content=\"summary_large_image\" \/>\n<meta name=\"twitter:label1\" content=\"Est. reading time\" \/>\n\t<meta name=\"twitter:data1\" content=\"11 minutes\" \/>\n<script type=\"application\/ld+json\" class=\"yoast-schema-graph\">{\"@context\":\"https:\/\/schema.org\",\"@graph\":[{\"@type\":\"WebPage\",\"@id\":\"https:\/\/www.poupetteinantwerp.com\/en\/faq\/\",\"url\":\"https:\/\/www.poupetteinantwerp.com\/en\/faq\/\",\"name\":\"FAQ - Poupette in Antwerp\",\"isPartOf\":{\"@id\":\"https:\/\/www.poupetteinantwerp.com\/en\/#website\"},\"datePublished\":\"2022-01-26T06:06:35+00:00\",\"dateModified\":\"2022-01-26T06:06:38+00:00\",\"breadcrumb\":{\"@id\":\"https:\/\/www.poupetteinantwerp.com\/en\/faq\/#breadcrumb\"},\"inLanguage\":\"en-US\",\"potentialAction\":[{\"@type\":\"ReadAction\",\"target\":[\"https:\/\/www.poupetteinantwerp.com\/en\/faq\/\"]}]},{\"@type\":\"BreadcrumbList\",\"@id\":\"https:\/\/www.poupetteinantwerp.com\/en\/faq\/#breadcrumb\",\"itemListElement\":[{\"@type\":\"ListItem\",\"position\":1,\"name\":\"Home\",\"item\":\"https:\/\/www.poupetteinantwerp.com\/en\/\"},{\"@type\":\"ListItem\",\"position\":2,\"name\":\"FAQ\"}]},{\"@type\":\"WebSite\",\"@id\":\"https:\/\/www.poupetteinantwerp.com\/en\/#website\",\"url\":\"https:\/\/www.poupetteinantwerp.com\/en\/\",\"name\":\"Poupette in Antwerp\",\"description\":\"Vente de Diamants et Cr\u00e9ations sur mesure\",\"potentialAction\":[{\"@type\":\"SearchAction\",\"target\":{\"@type\":\"EntryPoint\",\"urlTemplate\":\"https:\/\/www.poupetteinantwerp.com\/en\/?s={search_term_string}\"},\"query-input\":{\"@type\":\"PropertyValueSpecification\",\"valueRequired\":true,\"valueName\":\"search_term_string\"}}],\"inLanguage\":\"en-US\"}]}<\/script>\n<!-- \/ Yoast SEO plugin. -->","yoast_head_json":{"title":"FAQ - Poupette in Antwerp","robots":{"index":"index","follow":"follow","max-snippet":"max-snippet:-1","max-image-preview":"max-image-preview:large","max-video-preview":"max-video-preview:-1"},"canonical":"https:\/\/www.poupetteinantwerp.com\/en\/faq\/","og_locale":"en_US","og_type":"article","og_title":"FAQ - Poupette in Antwerp","og_description":"[vc_row type=&#8221;boxed&#8221; css=&#8221;.vc_custom_1432752631369{padding-top: 68px !important;}&#8221;][vc_column width=&#8221;1\/4&#8243;][vc_column_text el_class=&#8221;nm-highlight-text&#8221;] Questions fr\u00e9quentes [\/vc_column_text][vc_empty_space height=&#8221;30px&#8221;][\/vc_column][vc_column width=&#8221;3\/4&#8243; offset=&#8221;vc_col-lg-4&#8243;][vc_column_text css_animation=&#8221;&#8221;]Peut-on \u00e9crire un mot \u00e0 l&#8217;int\u00e9rieur d&#8217;une bague ? [\/vc_column_text][vc_empty_space height=&#8221;14px&#8221;][\/vc_column][vc_column width=&#8221;3\/4&#8243; offset=&#8221;vc_col-lg-5&#8243;][vc_column_text css_animation=&#8221;&#8221;]Il est tout \u00e0 fait possible de graver un message \u00e0 l&#8217;int\u00e9rieur d&#8217;une bague.\u00a0En g\u00e9n\u00e9ral, nous gravons dans les alliances les inscriptions suivantes\u00a0: dans l\u2019alliance de la femme\u00a0:\u00a0le pr\u00e9nom &hellip;","og_url":"https:\/\/www.poupetteinantwerp.com\/en\/faq\/","og_site_name":"Poupette in Antwerp","article_modified_time":"2022-01-26T06:06:38+00:00","twitter_card":"summary_large_image","twitter_misc":{"Est. reading time":"11 minutes"},"schema":{"@context":"https:\/\/schema.org","@graph":[{"@type":"WebPage","@id":"https:\/\/www.poupetteinantwerp.com\/en\/faq\/","url":"https:\/\/www.poupetteinantwerp.com\/en\/faq\/","name":"FAQ - Poupette in Antwerp","isPartOf":{"@id":"https:\/\/www.poupetteinantwerp.com\/en\/#website"},"datePublished":"2022-01-26T06:06:35+00:00","dateModified":"2022-01-26T06:06:38+00:00","breadcrumb":{"@id":"https:\/\/www.poupetteinantwerp.com\/en\/faq\/#breadcrumb"},"inLanguage":"en-US","potentialAction":[{"@type":"ReadAction","target":["https:\/\/www.poupetteinantwerp.com\/en\/faq\/"]}]},{"@type":"BreadcrumbList","@id":"https:\/\/www.poupetteinantwerp.com\/en\/faq\/#breadcrumb","itemListElement":[{"@type":"ListItem","position":1,"name":"Home","item":"https:\/\/www.poupetteinantwerp.com\/en\/"},{"@type":"ListItem","position":2,"name":"FAQ"}]},{"@type":"WebSite","@id":"https:\/\/www.poupetteinantwerp.com\/en\/#website","url":"https:\/\/www.poupetteinantwerp.com\/en\/","name":"Poupette in Antwerp","description":"Vente de Diamants et Cr\u00e9ations sur mesure","potentialAction":[{"@type":"SearchAction","target":{"@type":"EntryPoint","urlTemplate":"https:\/\/www.poupetteinantwerp.com\/en\/?s={search_term_string}"},"query-input":{"@type":"PropertyValueSpecification","valueRequired":true,"valueName":"search_term_string"}}],"inLanguage":"en-US"}]}},"_links":{"self":[{"href":"https:\/\/www.poupetteinantwerp.com\/en\/wp-json\/wp\/v2\/pages\/1715","targetHints":{"allow":["GET"]}}],"collection":[{"href":"https:\/\/www.poupetteinantwerp.com\/en\/wp-json\/wp\/v2\/pages"}],"about":[{"href":"https:\/\/www.poupetteinantwerp.com\/en\/wp-json\/wp\/v2\/types\/page"}],"author":[{"embeddable":true,"href":"https:\/\/www.poupetteinantwerp.com\/en\/wp-json\/wp\/v2\/users\/2"}],"replies":[{"embeddable":true,"href":"https:\/\/www.poupetteinantwerp.com\/en\/wp-json\/wp\/v2\/comments?post=1715"}],"version-history":[{"count":1,"href":"https:\/\/www.poupetteinantwerp.com\/en\/wp-json\/wp\/v2\/pages\/1715\/revisions"}],"predecessor-version":[{"id":1716,"href":"https:\/\/www.poupetteinantwerp.com\/en\/wp-json\/wp\/v2\/pages\/1715\/revisions\/1716"}],"wp:attachment":[{"href":"https:\/\/www.poupetteinantwerp.com\/en\/wp-json\/wp\/v2\/media?parent=1715"}],"curies":[{"name":"wp","href":"https:\/\/api.w.org\/{rel}","templated":true}]}}