{"id":1686,"date":"2022-01-26T06:58:50","date_gmt":"2022-01-26T05:58:50","guid":{"rendered":"https:\/\/www.poupetteinantwerp.com\/contact\/"},"modified":"2022-01-26T06:58:51","modified_gmt":"2022-01-26T05:58:51","slug":"contact","status":"publish","type":"page","link":"https:\/\/www.poupetteinantwerp.com\/en\/contact\/","title":{"rendered":"Contact"},"content":{"rendered":"<div class=\"wpb-content-wrapper\"><p>[vc_row type=&#8221;boxed&#8221; max_width=&#8221;1280&#8243; content_placement=&#8221;middle&#8221;][vc_column width=&#8221;2\/3&#8243; css=&#8221;.vc_custom_1430758896570{padding-top: 44px !important;}&#8221;][vc_column_text]<\/p>\n<h2>Contactez nous pour un devis ou tout autre question sur nos cr\u00e9ations<\/h2>\n<p>[\/vc_column_text][vc_empty_space]\n<div class=\"wpcf7 no-js\" id=\"wpcf7-f5-o1\" lang=\"fr-FR\" dir=\"ltr\" data-wpcf7-id=\"5\">\n<div class=\"screen-reader-response\"><p role=\"status\" aria-live=\"polite\" aria-atomic=\"true\"><\/p> <ul><\/ul><\/div>\n<form action=\"\/en\/wp-json\/wp\/v2\/pages\/1686#wpcf7-f5-o1\" method=\"post\" class=\"wpcf7-form init\" aria-label=\"Formulaire de contact\" novalidate=\"novalidate\" data-status=\"init\">\n<fieldset class=\"hidden-fields-container\"><input type=\"hidden\" name=\"_wpcf7\" value=\"5\" \/><input type=\"hidden\" name=\"_wpcf7_version\" value=\"6.1.5\" \/><input type=\"hidden\" name=\"_wpcf7_locale\" value=\"fr_FR\" \/><input type=\"hidden\" name=\"_wpcf7_unit_tag\" value=\"wpcf7-f5-o1\" \/><input type=\"hidden\" name=\"_wpcf7_container_post\" value=\"0\" \/><input type=\"hidden\" name=\"_wpcf7_posted_data_hash\" value=\"\" \/><input type=\"hidden\" name=\"_wpcf7_recaptcha_response\" value=\"\" \/>\n<\/fieldset>\n<p><label> Votre nom (obligatoire)<br \/>\n<span class=\"wpcf7-form-control-wrap\" data-name=\"your-name\"><input size=\"40\" maxlength=\"400\" class=\"wpcf7-form-control wpcf7-text wpcf7-validates-as-required\" aria-required=\"true\" aria-invalid=\"false\" value=\"\" type=\"text\" name=\"your-name\" \/><\/span> <\/label>\n<\/p>\n<p><label> Votre adresse de messagerie (obligatoire)<br \/>\n<span class=\"wpcf7-form-control-wrap\" data-name=\"your-email\"><input size=\"40\" maxlength=\"400\" class=\"wpcf7-form-control wpcf7-email wpcf7-validates-as-required wpcf7-text wpcf7-validates-as-email\" aria-required=\"true\" aria-invalid=\"false\" value=\"\" type=\"email\" name=\"your-email\" \/><\/span> <\/label>\n<\/p>\n<p><label> Objet<br \/>\n<span class=\"wpcf7-form-control-wrap\" data-name=\"your-subject\"><input size=\"40\" maxlength=\"400\" class=\"wpcf7-form-control wpcf7-text\" aria-invalid=\"false\" value=\"\" type=\"text\" name=\"your-subject\" \/><\/span> <\/label>\n<\/p>\n<p><label> Votre message<br \/>\n<span class=\"wpcf7-form-control-wrap\" data-name=\"your-message\"><textarea cols=\"40\" rows=\"10\" maxlength=\"2000\" class=\"wpcf7-form-control wpcf7-textarea\" aria-invalid=\"false\" name=\"your-message\"><\/textarea><\/span> <\/label>\n<\/p>\n<p>En envoyant ce formulaire, vous acceptez que poupetteinantwerp.com m\u00e9morise et utilise les informations collect\u00e9es afin de traiter votre demande. Si vous voulez en savoir plus sur notre politique de confidentialit\u00e9, vous la trouverez <a href=\"https:\/\/www.poupetteinantwerp.com\/politique-de-confidentialite\/\" target=\"_blank\">ici<\/a>.\n<\/p>\n<p><span class=\"wpcf7-form-control-wrap\" data-name=\"privacy\"><span class=\"wpcf7-form-control wpcf7-acceptance\"><span class=\"wpcf7-list-item\"><label><input type=\"checkbox\" name=\"privacy\" value=\"1\" aria-invalid=\"false\" \/><span class=\"wpcf7-list-item-label\">Oui, je donne mon consentement<\/span><\/label><\/span><\/span><\/span>\n<\/p>\n<p><input class=\"wpcf7-form-control wpcf7-submit has-spinner\" type=\"submit\" value=\"Envoyer\" \/>\n<\/p><div class=\"wpcf7-response-output\" aria-hidden=\"true\"><\/div>\n<\/form>\n<\/div>\n[\/vc_column][vc_column width=&#8221;1\/3&#8243;][vc_single_image image=&#8221;1533&#8243; img_size=&#8221;full&#8221; alignment=&#8221;center&#8221;][\/vc_column][\/vc_row][vc_row max_width=&#8221;1280&#8243; css=&#8221;.vc_custom_1571058078021{margin-bottom: 70px !important;padding-top: 66px !important;padding-bottom: 23px !important;}&#8221;][vc_column width=&#8221;1\/3&#8243;]\r\n\t\t\t<div class=\"nm-feature layout-icon_left icon-style-simple bottom-spacing-none\"><div class=\"nm-feature-icon\"><i class=\"pe-7s-paper-plane\" style=\"color: #282828;\"><\/i><\/div>\r\n\t\t\t\t<div class=\"nm-feature-content\"><h2>Nous Contacter<\/h2>\r\n\t\t\t\t\t<div class=\"wpb_text_column\"><p>Poupette in Antwerp<\/p>\n<p>Laurence Tcherkezian<br \/>\nTelephone: +32(0)475 677 549<\/p>\n<p><a class=\"auto-generated-link\" href=\"mailto:laurence@poupetteinantwerp.com\" data-auto-recognition=\"true\" data-content=\"laurence@poupetteinantwerp.com\" data-type=\"mail\">laurence@poupetteinantwerp.com<\/a><\/p>\n<\/div>\r\n\t\t\t\t<\/div>\r\n\t\t\t<\/div>[\/vc_column][vc_column width=&#8221;1\/3&#8243;]\r\n\t\t\t<div class=\"nm-feature layout-icon_left icon-style-simple bottom-spacing-none\"><div class=\"nm-feature-icon\"><i class=\"pe-7s-map-marker\" style=\"color: #282828;\"><\/i><\/div>\r\n\t\t\t\t<div class=\"nm-feature-content\"><h2>Nous rendre visite<\/h2>\r\n\t\t\t\t\t<div class=\"wpb_text_column\"><p>Diamantclub van Antwerpen<\/p>\n<p>Laurence Tcherkezian<br \/>\nPelikaanstraat 62, 2018 Antwerpen<\/p>\n<p>Uniquement sur rendez-vous.<\/p>\n<p>Possibilit\u00e9 de rendez-vous sur Bruxelles \u00e9galement.<\/p>\n<p><a href=\"https:\/\/www.google.com\/maps?q=Pelikaanstraat+62+2018+Antwerpen&amp;um=1&amp;ie=UTF-8&amp;sa=X&amp;ved=0ahUKEwie5bLl35vlAhUOIlAKHeYbB0QQ_AUIEigB\">Obtenir la direction<\/a><\/p>\n<\/div>\r\n\t\t\t\t<\/div>\r\n\t\t\t<\/div>[\/vc_column][vc_column width=&#8221;1\/3&#8243;]\r\n\t\t\t<div class=\"nm-feature layout-icon_left icon-style-simple bottom-spacing-none\"><div class=\"nm-feature-icon\"><i class=\"pe-7s-portfolio\" style=\"color: #282828;\"><\/i><\/div>\r\n\t\t\t\t<div class=\"nm-feature-content\"><h2>Prendre rendez-vous<\/h2>\r\n\t\t\t\t\t<div class=\"wpb_text_column\"><p>Possibilit\u00e9 de rendez-vous \u00e0 Bruxelles au +32(0)475 677 549 ou par e-mail:<\/p>\n<p><a class=\"auto-generated-link\" href=\"mailto:laurence@poupetteinantwerp.com\" data-auto-recognition=\"true\" data-content=\"laurence@poupetteinantwerp.com\" data-type=\"mail\">laurence@poupetteinantwerp.com<\/a><\/p>\n<\/div>\r\n\t\t\t\t<\/div>\r\n\t\t\t<\/div>[\/vc_column][\/vc_row]<\/p>\n<\/div>","protected":false},"excerpt":{"rendered":"<p>[vc_row type=&#8221;boxed&#8221; max_width=&#8221;1280&#8243; content_placement=&#8221;middle&#8221;][vc_column width=&#8221;2\/3&#8243; css=&#8221;.vc_custom_1430758896570{padding-top: 44px !important;}&#8221;][vc_column_text] Contactez nous pour un devis ou tout autre question sur nos cr\u00e9ations [\/vc_column_text][vc_empty_space][\/vc_column][vc_column width=&#8221;1\/3&#8243;][vc_single_image image=&#8221;1533&#8243; img_size=&#8221;full&#8221; alignment=&#8221;center&#8221;][\/vc_column][\/vc_row][vc_row max_width=&#8221;1280&#8243; css=&#8221;.vc_custom_1571058078021{margin-bottom: 70px !important;padding-top: 66px !important;padding-bottom: 23px !important;}&#8221;][vc_column width=&#8221;1\/3&#8243;][\/vc_column][vc_column width=&#8221;1\/3&#8243;][\/vc_column][vc_column width=&#8221;1\/3&#8243;][\/vc_column][\/vc_row]<\/p>\n","protected":false},"author":2,"featured_media":0,"parent":0,"menu_order":0,"comment_status":"closed","ping_status":"closed","template":"","meta":{"footnotes":""},"class_list":["post-1686","page","type-page","status-publish","hentry"],"yoast_head":"<!-- This site is optimized with the Yoast SEO plugin v26.8 - https:\/\/yoast.com\/product\/yoast-seo-wordpress\/ -->\n<title>Contact - Poupette in Antwerp<\/title>\n<meta name=\"description\" content=\"Contactez nous pour un devis ou tout autre question sur nos cr\u00e9ations de bijoux sur mesure\" \/>\n<meta name=\"robots\" content=\"index, follow, max-snippet:-1, max-image-preview:large, max-video-preview:-1\" \/>\n<link rel=\"canonical\" href=\"https:\/\/www.poupetteinantwerp.com\/en\/contact\/\" \/>\n<meta property=\"og:locale\" content=\"en_US\" \/>\n<meta property=\"og:type\" content=\"article\" \/>\n<meta property=\"og:title\" content=\"Contact - Poupette in Antwerp\" \/>\n<meta property=\"og:description\" content=\"Contactez nous pour un devis ou tout autre question sur nos cr\u00e9ations de bijoux sur mesure\" \/>\n<meta property=\"og:url\" content=\"https:\/\/www.poupetteinantwerp.com\/en\/contact\/\" \/>\n<meta property=\"og:site_name\" content=\"Poupette in Antwerp\" \/>\n<meta property=\"article:modified_time\" content=\"2022-01-26T05:58:51+00:00\" \/>\n<meta name=\"twitter:card\" content=\"summary_large_image\" \/>\n<meta name=\"twitter:label1\" content=\"Est. reading time\" \/>\n\t<meta name=\"twitter:data1\" content=\"1 minute\" \/>\n<script type=\"application\/ld+json\" class=\"yoast-schema-graph\">{\"@context\":\"https:\/\/schema.org\",\"@graph\":[{\"@type\":\"WebPage\",\"@id\":\"https:\/\/www.poupetteinantwerp.com\/en\/contact\/\",\"url\":\"https:\/\/www.poupetteinantwerp.com\/en\/contact\/\",\"name\":\"Contact - Poupette in Antwerp\",\"isPartOf\":{\"@id\":\"https:\/\/www.poupetteinantwerp.com\/en\/#website\"},\"datePublished\":\"2022-01-26T05:58:50+00:00\",\"dateModified\":\"2022-01-26T05:58:51+00:00\",\"description\":\"Contactez nous pour un devis ou tout autre question sur nos cr\u00e9ations de bijoux sur mesure\",\"breadcrumb\":{\"@id\":\"https:\/\/www.poupetteinantwerp.com\/en\/contact\/#breadcrumb\"},\"inLanguage\":\"en-US\",\"potentialAction\":[{\"@type\":\"ReadAction\",\"target\":[\"https:\/\/www.poupetteinantwerp.com\/en\/contact\/\"]}]},{\"@type\":\"BreadcrumbList\",\"@id\":\"https:\/\/www.poupetteinantwerp.com\/en\/contact\/#breadcrumb\",\"itemListElement\":[{\"@type\":\"ListItem\",\"position\":1,\"name\":\"Home\",\"item\":\"https:\/\/www.poupetteinantwerp.com\/en\/\"},{\"@type\":\"ListItem\",\"position\":2,\"name\":\"Contact\"}]},{\"@type\":\"WebSite\",\"@id\":\"https:\/\/www.poupetteinantwerp.com\/en\/#website\",\"url\":\"https:\/\/www.poupetteinantwerp.com\/en\/\",\"name\":\"Poupette in Antwerp\",\"description\":\"Vente de Diamants et Cr\u00e9ations sur mesure\",\"potentialAction\":[{\"@type\":\"SearchAction\",\"target\":{\"@type\":\"EntryPoint\",\"urlTemplate\":\"https:\/\/www.poupetteinantwerp.com\/en\/?s={search_term_string}\"},\"query-input\":{\"@type\":\"PropertyValueSpecification\",\"valueRequired\":true,\"valueName\":\"search_term_string\"}}],\"inLanguage\":\"en-US\"}]}<\/script>\n<!-- \/ Yoast SEO plugin. -->","yoast_head_json":{"title":"Contact - Poupette in Antwerp","description":"Contactez nous pour un devis ou tout autre question sur nos cr\u00e9ations de bijoux sur mesure","robots":{"index":"index","follow":"follow","max-snippet":"max-snippet:-1","max-image-preview":"max-image-preview:large","max-video-preview":"max-video-preview:-1"},"canonical":"https:\/\/www.poupetteinantwerp.com\/en\/contact\/","og_locale":"en_US","og_type":"article","og_title":"Contact - Poupette in Antwerp","og_description":"Contactez nous pour un devis ou tout autre question sur nos cr\u00e9ations de bijoux sur mesure","og_url":"https:\/\/www.poupetteinantwerp.com\/en\/contact\/","og_site_name":"Poupette in Antwerp","article_modified_time":"2022-01-26T05:58:51+00:00","twitter_card":"summary_large_image","twitter_misc":{"Est. reading time":"1 minute"},"schema":{"@context":"https:\/\/schema.org","@graph":[{"@type":"WebPage","@id":"https:\/\/www.poupetteinantwerp.com\/en\/contact\/","url":"https:\/\/www.poupetteinantwerp.com\/en\/contact\/","name":"Contact - Poupette in Antwerp","isPartOf":{"@id":"https:\/\/www.poupetteinantwerp.com\/en\/#website"},"datePublished":"2022-01-26T05:58:50+00:00","dateModified":"2022-01-26T05:58:51+00:00","description":"Contactez nous pour un devis ou tout autre question sur nos cr\u00e9ations de bijoux sur mesure","breadcrumb":{"@id":"https:\/\/www.poupetteinantwerp.com\/en\/contact\/#breadcrumb"},"inLanguage":"en-US","potentialAction":[{"@type":"ReadAction","target":["https:\/\/www.poupetteinantwerp.com\/en\/contact\/"]}]},{"@type":"BreadcrumbList","@id":"https:\/\/www.poupetteinantwerp.com\/en\/contact\/#breadcrumb","itemListElement":[{"@type":"ListItem","position":1,"name":"Home","item":"https:\/\/www.poupetteinantwerp.com\/en\/"},{"@type":"ListItem","position":2,"name":"Contact"}]},{"@type":"WebSite","@id":"https:\/\/www.poupetteinantwerp.com\/en\/#website","url":"https:\/\/www.poupetteinantwerp.com\/en\/","name":"Poupette in Antwerp","description":"Vente de Diamants et Cr\u00e9ations sur mesure","potentialAction":[{"@type":"SearchAction","target":{"@type":"EntryPoint","urlTemplate":"https:\/\/www.poupetteinantwerp.com\/en\/?s={search_term_string}"},"query-input":{"@type":"PropertyValueSpecification","valueRequired":true,"valueName":"search_term_string"}}],"inLanguage":"en-US"}]}},"_links":{"self":[{"href":"https:\/\/www.poupetteinantwerp.com\/en\/wp-json\/wp\/v2\/pages\/1686","targetHints":{"allow":["GET"]}}],"collection":[{"href":"https:\/\/www.poupetteinantwerp.com\/en\/wp-json\/wp\/v2\/pages"}],"about":[{"href":"https:\/\/www.poupetteinantwerp.com\/en\/wp-json\/wp\/v2\/types\/page"}],"author":[{"embeddable":true,"href":"https:\/\/www.poupetteinantwerp.com\/en\/wp-json\/wp\/v2\/users\/2"}],"replies":[{"embeddable":true,"href":"https:\/\/www.poupetteinantwerp.com\/en\/wp-json\/wp\/v2\/comments?post=1686"}],"version-history":[{"count":2,"href":"https:\/\/www.poupetteinantwerp.com\/en\/wp-json\/wp\/v2\/pages\/1686\/revisions"}],"predecessor-version":[{"id":1688,"href":"https:\/\/www.poupetteinantwerp.com\/en\/wp-json\/wp\/v2\/pages\/1686\/revisions\/1688"}],"wp:attachment":[{"href":"https:\/\/www.poupetteinantwerp.com\/en\/wp-json\/wp\/v2\/media?parent=1686"}],"curies":[{"name":"wp","href":"https:\/\/api.w.org\/{rel}","templated":true}]}}